{"id":75,"date":"2016-02-19T16:17:17","date_gmt":"2016-02-19T16:17:17","guid":{"rendered":"http:\/\/demowp.cththemes.net\/monolit\/?page_id=75"},"modified":"2020-12-04T13:27:41","modified_gmt":"2020-12-04T13:27:41","slug":"keyyapihakkinda","status":"publish","type":"page","link":"http:\/\/keyyapi.com\/index.php\/keyyapihakkinda\/","title":{"rendered":"KEY YAPI HAKKINDA"},"content":{"rendered":"<p>[vc_row cth_layout=&#8221;monolit_page_sec&#8221; sec_number=&#8221;01&#8243; el_id=&#8221;sec1&#8243;][vc_column offset=&#8221;vc_col-md-8&#8243;][vc_column_text]<\/p>\n<h2 class=\"section-title\">Key Yap\u0131 <strong>Hakk\u0131nda<\/strong><\/h2>\n<p class=\"no-rep\">2011 y\u0131l\u0131nda temelleri at\u0131lm\u0131\u015f olan <strong>Key Kentsel D\u00f6n\u00fc\u015f\u00fcm Yap\u0131 Taahh\u00fct \u0130n\u015faat ve Yat\u0131r\u0131m San. Tic. Ltd. \u015eti.<\/strong> firma kurucular\u0131 <strong>Bora Kurt<\/strong> ve <strong>Levent Yenice<\/strong>&#8216;nin yap\u0131 sekt\u00f6r\u00fcnde nitelikli y\u00fcklenicilere olan ihtiyac\u0131n fark\u0131na var\u0131p, ge\u00e7mi\u015f y\u0131llarda edinmi\u015f olduklar\u0131 ticari bilgi ve tecr\u00fcbelerini bir araya getirerek, fark yaratan projeler geli\u015ftirmek, uygulamak, kalite ve kullan\u0131c\u0131 memnuniyetini daha ileri seviyeye ta\u015f\u0131yabilmek i\u00e7in kurulmu\u015f bir in\u015faat firmas\u0131d\u0131r.<\/p>\n<p class=\"no-rep\"><strong>\u0130n\u015faat-Taahh\u00fct \u0130\u015fleri, Gayrimenkul Yat\u0131r\u0131mc\u0131l\u0131\u011f\u0131, Kentsel D\u00f6n\u00fc\u015f\u00fcm Dan\u0131\u015fmanl\u0131\u011f\u0131, Hasar Restorasyonu, Dekorasyon ve Proje Dan\u0131\u015fmanl\u0131\u011f\u0131<\/strong> alanlar\u0131nda faaliyet s\u00fcrd\u00fcrmekteyiz. \u00d6ncelikli hedefimiz; \u0130zmir ve \u00e7evresinde ger\u00e7ekle\u015fmekte olan kentsel d\u00f6n\u00fc\u015f\u00fcm hareketinde aktif rol ve sorumluluk \u00fcstlenerek, riskli yap\u0131 sahiplerinin ihtiyac\u0131 olan g\u00fcvenilir ve profesyonel hizmeti kendilerine sunarken kentin mimari dokusuna katk\u0131da bulunan projeleri hayata ge\u00e7irmektir.<\/p>\n<div class=\"process-box\">\n<h3>Neler Yap\u0131yoruz?<\/h3>\n<ul class=\"creat-list\">\n<li><a href=\"http:\/\/keyyapi.viaworks.com.tr\/index.php\/hizmetlerimiz\/\">\u0130n\u015faat\u2013Taahh\u00fct<\/a><\/li>\n<li><a href=\"http:\/\/keyyapi.viaworks.com.tr\/index.php\/hizmetlerimiz\/\">Gayrimenkul Yat\u0131r\u0131mc\u0131l\u0131\u011f\u0131<\/a><\/li>\n<li><a href=\"http:\/\/keyyapi.viaworks.com.tr\/index.php\/hizmetlerimiz\/\">Kentsel D\u00f6n\u00fc\u015f\u00fcm Dan\u0131\u015fmanl\u0131\u011f\u0131<\/a><\/li>\n<li><a href=\"http:\/\/keyyapi.viaworks.com.tr\/index.php\/hizmetlerimiz\/\">Proje Dan\u0131\u015fmanl\u0131\u011f\u0131<\/a><\/li>\n<li><a href=\"http:\/\/keyyapi.viaworks.com.tr\/index.php\/hizmetlerimiz\/\">Hasar Y\u00f6netimi ve Onar\u0131m\u0131<\/a><\/li>\n<li><a href=\"http:\/\/keyyapi.viaworks.com.tr\/index.php\/hizmetlerimiz\/\">\u0130\u00e7 Mimari Dekorasyon<\/a><\/li>\n<\/ul>\n<\/div>\n<p>[\/vc_column_text][\/vc_column][vc_column offset=&#8221;vc_col-md-4&#8243;][monolit_parallax_box box_pos=&#8221;center&#8221;]<img loading=\"lazy\" class=\"alignnone wp-image-575\" src=\"http:\/\/keyyapi.viaworks.com.tr\/wp-content\/uploads\/2020\/11\/kurumsal-keyyapi-605x1024.jpg\" alt=\"\" width=\"400\" height=\"677\" srcset=\"http:\/\/keyyapi.com\/wp-content\/uploads\/2020\/11\/kurumsal-keyyapi-605x1024.jpg 605w, http:\/\/keyyapi.com\/wp-content\/uploads\/2020\/11\/kurumsal-keyyapi-177x300.jpg 177w, http:\/\/keyyapi.com\/wp-content\/uploads\/2020\/11\/kurumsal-keyyapi.jpg 674w\" sizes=\"(max-width: 400px) 100vw, 400px\" \/>[\/monolit_parallax_box][\/vc_column][\/vc_row]<\/p>\n","protected":false},"excerpt":{"rendered":"<p>[vc_row cth_layout=&#8221;monolit_page_sec&#8221; sec_number=&#8221;01&#8243; el_id=&#8221;sec1&#8243;][vc_column offset=&#8221;vc_col-md-8&#8243;][vc_column_text] Key Yap\u0131 Hakk\u0131nda 2011 y\u0131l\u0131nda temelleri at\u0131lm\u0131\u015f olan Key Kentsel D\u00f6n\u00fc\u015f\u00fcm Yap\u0131 Taahh\u00fct \u0130n\u015faat ve Yat\u0131r\u0131m San. Tic. Ltd. \u015eti. firma kurucular\u0131 Bora Kurt ve Levent Yenice&#8216;nin yap\u0131 sekt\u00f6r\u00fcnde nitelikli y\u00fcklenicilere olan ihtiyac\u0131n fark\u0131na var\u0131p, ge\u00e7mi\u015f y\u0131llarda edinmi\u015f olduklar\u0131 ticari bilgi ve tecr\u00fcbelerini bir araya getirerek, fark yaratan projeler geli\u015ftirmek, [&hellip;]<\/p>\n","protected":false},"author":1,"featured_media":0,"parent":0,"menu_order":0,"comment_status":"closed","ping_status":"closed","template":"page-fullwidth.php","meta":[],"_links":{"self":[{"href":"http:\/\/keyyapi.com\/index.php\/wp-json\/wp\/v2\/pages\/75"}],"collection":[{"href":"http:\/\/keyyapi.com\/index.php\/wp-json\/wp\/v2\/pages"}],"about":[{"href":"http:\/\/keyyapi.com\/index.php\/wp-json\/wp\/v2\/types\/page"}],"author":[{"embeddable":true,"href":"http:\/\/keyyapi.com\/index.php\/wp-json\/wp\/v2\/users\/1"}],"replies":[{"embeddable":true,"href":"http:\/\/keyyapi.com\/index.php\/wp-json\/wp\/v2\/comments?post=75"}],"version-history":[{"count":17,"href":"http:\/\/keyyapi.com\/index.php\/wp-json\/wp\/v2\/pages\/75\/revisions"}],"predecessor-version":[{"id":738,"href":"http:\/\/keyyapi.com\/index.php\/wp-json\/wp\/v2\/pages\/75\/revisions\/738"}],"wp:attachment":[{"href":"http:\/\/keyyapi.com\/index.php\/wp-json\/wp\/v2\/media?parent=75"}],"curies":[{"name":"wp","href":"https:\/\/api.w.org\/{rel}","templated":true}]}}