{"id":378,"date":"2016-03-08T10:28:46","date_gmt":"2016-03-08T10:28:46","guid":{"rendered":"http:\/\/demowp.cththemes.net\/monolit\/?page_id=378"},"modified":"2020-12-21T18:30:57","modified_gmt":"2020-12-21T18:30:57","slug":"home-slider","status":"publish","type":"page","link":"http:\/\/keyyapi.com\/","title":{"rendered":"ANA SAYFA"},"content":{"rendered":"<p>[vc_row full_width=&#8221;stretch_row&#8221; cth_layout=&#8221;monolit_fullheight_sec&#8221; el_class=&#8221;no-bg-con&#8221;][vc_column css=&#8221;.vc_custom_1455730804223{padding-right: 0px !important;padding-left: 0px !important;}&#8221;][monolit_home_slider values=&#8221;%5B%7B%22slideimg%22%3A%22627%22%2C%22slide_content%22%3A%22%3Ch2%3E%20Key%20Kentsel%20D%C3%B6n%C3%BC%C5%9F%C3%BCm%3C%2Fh2%3E%5Cn%3Ch3%3EYap%C4%B1%20ve%20%C4%B0n%C5%9Faat%3C%2Fh3%3E%5Cn%3Ca%20href%3D%5C%22http%3A%2F%2Fkeyyapi.viaworks.com.tr%2Findex.php%2Fkeyyapihakkinda%2F%5C%22%20class%3D%5C%22hero-link%20custom-scroll-link%5C%22%3EKey%20Yap%C4%B1%20Hakk%C4%B1nda%3C%2Fa%3E%22%7D%2C%7B%22slideimg%22%3A%22579%22%2C%22slide_content%22%3A%22%3Ch2%3EA%C5%9Fk%C4%B1n%20Apartman%C4%B1%3C%2Fh2%3E%5Cn%3Ch3%3EBostanl%C4%B1%20-%20Kar%C5%9F%C4%B1yaka%3C%2Fh3%3E%5Cn%3Ca%20href%3D%5C%22http%3A%2F%2Fkeyyapi.com%2Findex.php%2Fportfolio%2Faskin-apartmani%2F%5C%22%20class%3D%5C%22hero-link%20ajax%5C%22%3EProjeyi%20%C4%B0ncele%3C%2Fa%3E%22%7D%2C%7B%22slideimg%22%3A%22581%22%2C%22slide_content%22%3A%22%3Ch2%3EHizmetlerimiz%3C%2Fh2%3E%5Cn%3Ch3%3E%C4%B0n%C5%9Faat%20-%20Taahh%C3%BCt%3C%2Fh3%3E%5Cn%3Ca%20href%3D%5C%22http%3A%2F%2Fkeyyapi.viaworks.com.tr%2Findex.php%2Fhizmetlerimiz%2F%5C%22%20class%3D%5C%22hero-link%20ajax%5C%22%3EHizmetlerimizi%20%C4%B0ncele%3C%2Fa%3E%22%7D%5D&#8221;][\/vc_column][\/vc_row][vc_row cth_layout=&#8221;monolit_page_sec&#8221; sec_number=&#8221;01&#8243; el_id=&#8221;sec1&#8243;][vc_column offset=&#8221;vc_col-md-4&#8243;][monolit_carousel_slider_multiimgs slideimages=&#8221;623,624,625&#8243;][\/vc_column][vc_column offset=&#8221;vc_col-md-8&#8243;][vc_column_text]<\/p>\n<h2 class=\"section-title\">KEY YAPI <strong>HAKKINDA<\/strong><\/h2>\n<p class=\"no-rep\">2011 y\u0131l\u0131nda temelleri at\u0131lm\u0131\u015f olan <strong>Key Kentsel D\u00f6n\u00fc\u015f\u00fcm Yap\u0131 Taahh\u00fct \u0130n\u015faat ve Yat\u0131r\u0131m San. Tic. Ltd. \u015eti.<\/strong> firma kurucular\u0131 <strong>Bora Kurt<\/strong> ve <strong>Levent Yenice<\/strong>&#8216;nin yap\u0131 sekt\u00f6r\u00fcnde nitelikli y\u00fcklenicilere olan ihtiyac\u0131n fark\u0131na var\u0131p, ge\u00e7mi\u015f y\u0131llarda edinmi\u015f olduklar\u0131 ticari bilgi ve tecr\u00fcbelerini bir araya getirerek, fark yaratan projeler geli\u015ftirmek, uygulamak, kalite ve kullan\u0131c\u0131 memnuniyetini daha ileri seviyeye ta\u015f\u0131yabilmek i\u00e7in kurulmu\u015f bir in\u015faat firmas\u0131d\u0131r.<\/p>\n<p class=\"no-rep\"><strong>\u0130n\u015faat-Taahh\u00fct \u0130\u015fleri, Gayrimenkul Yat\u0131r\u0131mc\u0131l\u0131\u011f\u0131, Kentsel D\u00f6n\u00fc\u015f\u00fcm Dan\u0131\u015fmanl\u0131\u011f\u0131, Hasar Restorasyonu, Dekorasyon ve Proje Dan\u0131\u015fmanl\u0131\u011f\u0131<\/strong> alanlar\u0131nda faaliyet s\u00fcrd\u00fcrmekteyiz. \u00d6ncelikli hedefimiz; \u0130zmir ve \u00e7evresinde ger\u00e7ekle\u015fmekte olan kentsel d\u00f6n\u00fc\u015f\u00fcm hareketinde aktif rol ve sorumluluk \u00fcstlenerek, riskli yap\u0131 sahiplerinin ihtiyac\u0131 olan g\u00fcvenilir ve profesyonel hizmeti kendilerine sunarken kentin mimari dokusuna katk\u0131da bulunan projeleri hayata ge\u00e7irmektir.<\/p>\n<div class=\"process-box\">\n<h3>Proje S\u00fcrecimiz<\/h3>\n<ul class=\"creat-list\">\n<li>D\u00fc\u015f\u00fcn &amp; Ba\u015fla<\/li>\n<li>Tasarla &amp; Yarat<\/li>\n<li>\u0130n\u015fa Et &amp; Bitir<\/li>\n<\/ul>\n<\/div>\n<div><a class=\"btn anim-button fl-l\" href=\"http:\/\/keyyapi.viaworks.com.tr\/index.php\/projelerimiz\/\"><span class=\"no-rep\">Projeleri \u0130ncele<\/span><i class=\"fa fa-long-arrow-right\"><\/i><\/a><\/div>\n<p>[\/vc_column_text][\/vc_column][\/vc_row][vc_row cth_layout=&#8221;monolit_page_dark_sec&#8221; parallax_inner_op=&#8221;0.8&#8243; sec_number=&#8221;02&#8243; sec_number_pos=&#8221;left&#8221; parallax_inner=&#8221;10&#8243;][vc_column][vc_row_inner][vc_column_inner offset=&#8221;vc_col-md-4&#8243;][vc_column_text]<\/p>\n<h2 class=\"section-title\">Rakamlarla<br \/>\n<strong>Key Yap\u0131<\/strong><\/h2>\n<p>[\/vc_column_text][\/vc_column_inner][vc_column_inner offset=&#8221;vc_col-md-8&#8243;][vc_column_text]<\/p>\n<p class=\"no-rep\">Yap\u0131 sekt\u00f6r\u00fcn\u00fcn g\u00fcvenilir, yenilik\u00e7i ve kaliteli in\u015faatlara duydu\u011fu ihtiyac\u0131 iz b\u0131rakan mimari anlay\u0131\u015f\u0131yla harmanlayan Key Yap\u0131, sahip oldu\u011fu tecr\u00fcbeyi \u00e7ok say\u0131da fark yaratan projede kal\u0131c\u0131 hale getiriyor. Uzun \u00f6m\u00fcrl\u00fc projeler y\u00fcksek kaliteli ya\u015fam alanlar\u0131na, g\u00fcvenli konutlar mutlu ailelere d\u00f6n\u00fc\u015f\u00fcyor.<\/p>\n<p>[\/vc_column_text][\/vc_column_inner][\/vc_row_inner][vc_row_inner][vc_column_inner offset=&#8221;vc_col-md-4&#8243;][\/vc_column_inner][vc_column_inner el_class=&#8221;inline-facts-holder row&#8221; offset=&#8221;vc_col-md-8&#8243;][cth_counter number=&#8221;10&#8243;]<\/p>\n<h6>Y\u0131ll\u0131k Tecr\u00fcbe<\/h6>\n<p>[\/cth_counter][cth_counter number=&#8221;168&#8243; parallax_value=&#8221;80&#8243;]<\/p>\n<h6>Daire<\/h6>\n<p>[\/cth_counter][cth_counter number=&#8221;356&#8243; parallax_value=&#8221;100&#8243;]<\/p>\n<h6>Mutlu Ya\u015fam<\/h6>\n<p>[\/cth_counter][\/vc_column_inner][\/vc_row_inner][\/vc_column][\/vc_row][vc_row cth_layout=&#8221;monolit_page_sec&#8221; sec_number=&#8221;03&#8243;][vc_column][vc_column_text]<\/p>\n<h2 class=\"section-title algn-right dec-title\"><span class=\"no-rep\">Key Yap\u0131 <strong>Projelerimiz<\/strong><\/span><\/h2>\n<p>[\/vc_column_text][monolit_portfolios_parallax view_all_link=&#8221;http:\/\/keyyapi.viaworks.com.tr\/index.php\/projelerimiz\/&#8221; ids=&#8221;305,594&#8243;][\/vc_column][\/vc_row]<\/p>\n","protected":false},"excerpt":{"rendered":"<p>[vc_row full_width=&#8221;stretch_row&#8221; cth_layout=&#8221;monolit_fullheight_sec&#8221; el_class=&#8221;no-bg-con&#8221;][vc_column css=&#8221;.vc_custom_1455730804223{padding-right: 0px !important;padding-left: 0px !important;}&#8221;][monolit_home_slider values=&#8221;%5B%7B%22slideimg%22%3A%22627%22%2C%22slide_content%22%3A%22%3Ch2%3E%20Key%20Kentsel%20D%C3%B6n%C3%BC%C5%9F%C3%BCm%3C%2Fh2%3E%5Cn%3Ch3%3EYap%C4%B1%20ve%20%C4%B0n%C5%9Faat%3C%2Fh3%3E%5Cn%3Ca%20href%3D%5C%22http%3A%2F%2Fkeyyapi.viaworks.com.tr%2Findex.php%2Fkeyyapihakkinda%2F%5C%22%20class%3D%5C%22hero-link%20custom-scroll-link%5C%22%3EKey%20Yap%C4%B1%20Hakk%C4%B1nda%3C%2Fa%3E%22%7D%2C%7B%22slideimg%22%3A%22579%22%2C%22slide_content%22%3A%22%3Ch2%3EA%C5%9Fk%C4%B1n%20Apartman%C4%B1%3C%2Fh2%3E%5Cn%3Ch3%3EBostanl%C4%B1%20-%20Kar%C5%9F%C4%B1yaka%3C%2Fh3%3E%5Cn%3Ca%20href%3D%5C%22http%3A%2F%2Fkeyyapi.com%2Findex.php%2Fportfolio%2Faskin-apartmani%2F%5C%22%20class%3D%5C%22hero-link%20ajax%5C%22%3EProjeyi%20%C4%B0ncele%3C%2Fa%3E%22%7D%2C%7B%22slideimg%22%3A%22581%22%2C%22slide_content%22%3A%22%3Ch2%3EHizmetlerimiz%3C%2Fh2%3E%5Cn%3Ch3%3E%C4%B0n%C5%9Faat%20-%20Taahh%C3%BCt%3C%2Fh3%3E%5Cn%3Ca%20href%3D%5C%22http%3A%2F%2Fkeyyapi.viaworks.com.tr%2Findex.php%2Fhizmetlerimiz%2F%5C%22%20class%3D%5C%22hero-link%20ajax%5C%22%3EHizmetlerimizi%20%C4%B0ncele%3C%2Fa%3E%22%7D%5D&#8221;][\/vc_column][\/vc_row][vc_row cth_layout=&#8221;monolit_page_sec&#8221; sec_number=&#8221;01&#8243; el_id=&#8221;sec1&#8243;][vc_column offset=&#8221;vc_col-md-4&#8243;][monolit_carousel_slider_multiimgs slideimages=&#8221;623,624,625&#8243;][\/vc_column][vc_column offset=&#8221;vc_col-md-8&#8243;][vc_column_text] KEY YAPI HAKKINDA 2011 y\u0131l\u0131nda temelleri at\u0131lm\u0131\u015f olan Key Kentsel D\u00f6n\u00fc\u015f\u00fcm Yap\u0131 Taahh\u00fct \u0130n\u015faat ve Yat\u0131r\u0131m San. Tic. Ltd. \u015eti. firma kurucular\u0131 Bora Kurt ve Levent Yenice&#8216;nin yap\u0131 sekt\u00f6r\u00fcnde nitelikli y\u00fcklenicilere olan ihtiyac\u0131n fark\u0131na var\u0131p, ge\u00e7mi\u015f y\u0131llarda edinmi\u015f olduklar\u0131 [&hellip;]<\/p>\n","protected":false},"author":1,"featured_media":0,"parent":0,"menu_order":0,"comment_status":"closed","ping_status":"closed","template":"homepage.php","meta":[],"_links":{"self":[{"href":"http:\/\/keyyapi.com\/index.php\/wp-json\/wp\/v2\/pages\/378"}],"collection":[{"href":"http:\/\/keyyapi.com\/index.php\/wp-json\/wp\/v2\/pages"}],"about":[{"href":"http:\/\/keyyapi.com\/index.php\/wp-json\/wp\/v2\/types\/page"}],"author":[{"embeddable":true,"href":"http:\/\/keyyapi.com\/index.php\/wp-json\/wp\/v2\/users\/1"}],"replies":[{"embeddable":true,"href":"http:\/\/keyyapi.com\/index.php\/wp-json\/wp\/v2\/comments?post=378"}],"version-history":[{"count":35,"href":"http:\/\/keyyapi.com\/index.php\/wp-json\/wp\/v2\/pages\/378\/revisions"}],"predecessor-version":[{"id":745,"href":"http:\/\/keyyapi.com\/index.php\/wp-json\/wp\/v2\/pages\/378\/revisions\/745"}],"wp:attachment":[{"href":"http:\/\/keyyapi.com\/index.php\/wp-json\/wp\/v2\/media?parent=378"}],"curies":[{"name":"wp","href":"https:\/\/api.w.org\/{rel}","templated":true}]}}