{"id":172,"date":"2016-02-21T15:46:30","date_gmt":"2016-02-21T15:46:30","guid":{"rendered":"http:\/\/demowp.cththemes.net\/monolit\/?page_id=172"},"modified":"2020-12-03T19:26:26","modified_gmt":"2020-12-03T19:26:26","slug":"iletisim","status":"publish","type":"page","link":"http:\/\/keyyapi.com\/index.php\/iletisim\/","title":{"rendered":"\u0130LET\u0130\u015e\u0130M"},"content":{"rendered":"<p>[vc_row cth_layout=&#8221;monolit_page_sec&#8221;][vc_column offset=&#8221;vc_col-md-8&#8243;][vc_column_text]<\/p>\n<h2 class=\"section-title\">Bize <strong>Ula\u015f\u0131n<\/strong><\/h2>\n<p>Key Yap\u0131 hayallerinizdeki projeyi tecr\u00fcbeli ekibi ve \u00f6d\u00fcn vermedi\u011fi kalite anlay\u0131\u015f\u0131yla ger\u00e7ekle\u015ftirmeye haz\u0131r. T\u00fcm in\u015faat-taahh\u00fct projeleriniz, kentsel d\u00f6n\u00fc\u015f\u00fcm ve restorasyon \u00e7al\u0131\u015fmalar\u0131n\u0131z i\u00e7in bizimle ileti\u015fime ge\u00e7ebilirsiniz.[\/vc_column_text][\/vc_column][vc_column][monolit_gmap map_lat=&#8221;38.45644480254161&#8243; map_long=&#8221;27.1181670727808&#8243; map_address=&#8221;\u0130zmir Ofis &#8211; Kar\u015f\u0131yaka&#8221; map_marker=&#8221;523&#8243;][\/vc_column][vc_column offset=&#8221;vc_col-md-8&#8243;][vc_row_inner css=&#8221;.vc_custom_1456151205880{padding-top: 30px !important;}&#8221;][vc_column_inner offset=&#8221;vc_col-md-4&#8243;][vc_column_text]<\/p>\n<h3 class=\"bold-title\">\u0130leti\u015fim Bilgileri:<\/h3>\n<p>[\/vc_column_text][\/vc_column_inner][vc_column_inner offset=&#8221;vc_col-md-4&#8243;][vc_column_text]<\/p>\n<h4 class=\"contact-details\">Kar\u015f\u0131yaka Ofis<\/h4>\n<ul class=\"contact-details\">\n<li><a href=\"https:\/\/www.google.com.tr\/maps\/place\/KEY+YAPI+-+Bora+Kurt+%26+Levent+Yenice+%C4%B0n%C5%9Faat+Ortak+Giri%C5%9Fimi\/@38.4562309,27.1158797,16.92z\/data=!4m12!1m6!3m5!1s0x14bbd9c9c9b38143:0xeda045288d330a22!2sKEY+YAPI+-+Bora+Kurt+%26+Levent+Yenice+%C4%B0n%C5%9Faat+Ortak+Giri%C5%9Fimi!8m2!3d38.4562424!4d27.1181899!3m4!1s0x14bbd9c9c9b38143:0xeda045288d330a22!8m2!3d38.4562424!4d27.1181899\">Kemalpa\u015fa Cad. No: 65, Cumhuriyet \u0130\u015f Merkezi, K: 5, D: 4, Kar\u015f\u0131yaka, \u0130zmir<\/a><\/li>\n<li>0.232 364 1404<\/li>\n<li>0.532 528 0672<\/li>\n<li>info@keyyapi.com<\/li>\n<\/ul>\n<p>[\/vc_column_text][\/vc_column_inner][vc_column_inner offset=&#8221;vc_col-md-4&#8243;][vc_column_text]<\/p>\n<h4 class=\"contact-details\">B\u0130Z\u0130 TAK\u0130P ED\u0130N<\/h4>\n<ul class=\"contact-details\">\n<li><a href=\"https:\/\/www.facebook.com\/\" target=\"_blank\" rel=\"noopener noreferrer\">Facebook<\/a><\/li>\n<li><a href=\"https:\/\/twitter.com\/\" target=\"_blank\" rel=\"noopener noreferrer\">Twitter <\/a><\/li>\n<li><a href=\"https:\/\/www.instagram.com\/\" target=\"_blank\" rel=\"noopener noreferrer\">Instagram<\/a><\/li>\n<\/ul>\n<p>[\/vc_column_text][\/vc_column_inner][\/vc_row_inner][vc_row_inner][vc_column_inner]<div role=\"form\" class=\"wpcf7\" id=\"wpcf7-f5-o1\" lang=\"en-US\" dir=\"ltr\">\n<div class=\"screen-reader-response\"><p role=\"status\" aria-live=\"polite\" aria-atomic=\"true\"><\/p> <ul><\/ul><\/div>\n<form action=\"\/index.php\/wp-json\/wp\/v2\/pages\/172#wpcf7-f5-o1\" method=\"post\" class=\"wpcf7-form init\" novalidate=\"novalidate\" data-status=\"init\">\n<div style=\"display: none;\">\n<input type=\"hidden\" name=\"_wpcf7\" value=\"5\" \/>\n<input type=\"hidden\" name=\"_wpcf7_version\" value=\"5.3.1\" \/>\n<input type=\"hidden\" name=\"_wpcf7_locale\" value=\"en_US\" \/>\n<input type=\"hidden\" name=\"_wpcf7_unit_tag\" value=\"wpcf7-f5-o1\" \/>\n<input type=\"hidden\" name=\"_wpcf7_container_post\" value=\"0\" \/>\n<input type=\"hidden\" name=\"_wpcf7_posted_data_hash\" value=\"\" \/>\n<\/div>\n<div class=\"contact-form-holder\">\n<div id=\"contact-form\">\n<span class=\"wpcf7-form-control-wrap your-name\"><input type=\"text\" name=\"your-name\" value=\"\" size=\"40\" class=\"wpcf7-form-control wpcf7-text wpcf7-validates-as-required\" aria-required=\"true\" aria-invalid=\"false\" placeholder=\"\u0130sim - Soyisim\" \/><\/span><br \/>\n<span class=\"wpcf7-form-control-wrap your-email\"><input type=\"email\" name=\"your-email\" value=\"\" size=\"40\" class=\"wpcf7-form-control wpcf7-text wpcf7-email wpcf7-validates-as-required wpcf7-validates-as-email\" aria-required=\"true\" aria-invalid=\"false\" placeholder=\"E-posta\" \/><\/span><br \/>\n<span class=\"wpcf7-form-control-wrap your-message\"><textarea name=\"your-message\" cols=\"40\" rows=\"10\" class=\"wpcf7-form-control wpcf7-textarea wpcf7-validates-as-required\" aria-required=\"true\" aria-invalid=\"false\" placeholder=\"Mesaj\u0131n\u0131z\"><\/textarea><\/span><br \/>\n<input type=\"submit\" value=\"MESAJI G\u00d6NDER\" class=\"wpcf7-form-control wpcf7-submit\" id=\"submit\" \/>\n<\/div>\n<\/div>\n<div class=\"clearfix\"><\/div>\n<div class=\"wpcf7-response-output\" aria-hidden=\"true\"><\/div><\/form><\/div>[\/vc_column_inner][\/vc_row_inner][\/vc_column][\/vc_row]<\/p>\n","protected":false},"excerpt":{"rendered":"<p>[vc_row cth_layout=&#8221;monolit_page_sec&#8221;][vc_column offset=&#8221;vc_col-md-8&#8243;][vc_column_text] Bize Ula\u015f\u0131n Key Yap\u0131 hayallerinizdeki projeyi tecr\u00fcbeli ekibi ve \u00f6d\u00fcn vermedi\u011fi kalite anlay\u0131\u015f\u0131yla ger\u00e7ekle\u015ftirmeye haz\u0131r. T\u00fcm in\u015faat-taahh\u00fct projeleriniz, kentsel d\u00f6n\u00fc\u015f\u00fcm ve restorasyon \u00e7al\u0131\u015fmalar\u0131n\u0131z i\u00e7in bizimle ileti\u015fime ge\u00e7ebilirsiniz.[\/vc_column_text][\/vc_column][vc_column][monolit_gmap map_lat=&#8221;38.45644480254161&#8243; map_long=&#8221;27.1181670727808&#8243; map_address=&#8221;\u0130zmir Ofis &#8211; Kar\u015f\u0131yaka&#8221; map_marker=&#8221;523&#8243;][\/vc_column][vc_column offset=&#8221;vc_col-md-8&#8243;][vc_row_inner css=&#8221;.vc_custom_1456151205880{padding-top: 30px !important;}&#8221;][vc_column_inner offset=&#8221;vc_col-md-4&#8243;][vc_column_text] \u0130leti\u015fim Bilgileri: [\/vc_column_text][\/vc_column_inner][vc_column_inner offset=&#8221;vc_col-md-4&#8243;][vc_column_text] Kar\u015f\u0131yaka Ofis Kemalpa\u015fa Cad. No: 65, Cumhuriyet \u0130\u015f Merkezi, [&hellip;]<\/p>\n","protected":false},"author":1,"featured_media":0,"parent":0,"menu_order":0,"comment_status":"closed","ping_status":"closed","template":"page-fullwidth.php","meta":[],"_links":{"self":[{"href":"http:\/\/keyyapi.com\/index.php\/wp-json\/wp\/v2\/pages\/172"}],"collection":[{"href":"http:\/\/keyyapi.com\/index.php\/wp-json\/wp\/v2\/pages"}],"about":[{"href":"http:\/\/keyyapi.com\/index.php\/wp-json\/wp\/v2\/types\/page"}],"author":[{"embeddable":true,"href":"http:\/\/keyyapi.com\/index.php\/wp-json\/wp\/v2\/users\/1"}],"replies":[{"embeddable":true,"href":"http:\/\/keyyapi.com\/index.php\/wp-json\/wp\/v2\/comments?post=172"}],"version-history":[{"count":10,"href":"http:\/\/keyyapi.com\/index.php\/wp-json\/wp\/v2\/pages\/172\/revisions"}],"predecessor-version":[{"id":734,"href":"http:\/\/keyyapi.com\/index.php\/wp-json\/wp\/v2\/pages\/172\/revisions\/734"}],"wp:attachment":[{"href":"http:\/\/keyyapi.com\/index.php\/wp-json\/wp\/v2\/media?parent=172"}],"curies":[{"name":"wp","href":"https:\/\/api.w.org\/{rel}","templated":true}]}}